{"id":28654,"date":"2022-08-29T14:18:34","date_gmt":"2022-08-29T19:18:37","guid":{"rendered":"https:\/\/lapanaderiarusa.com\/?post_type=product&#038;p=28654"},"modified":"2022-08-29T14:24:36","modified_gmt":"2022-08-29T19:24:36","slug":"cazadora-aldo-comando-2","status":"publish","type":"product","link":"https:\/\/lapanaderiarusa.com\/en\/producto\/sample-product\/cazadora-aldo-comando-2\/","title":{"rendered":"Cazadora Aldo Comando"},"content":{"rendered":"<p><img loading=\"lazy\" decoding=\"async\" class=\"alignnone size-full wp-image-28554\" src=\"https:\/\/lapanaderiarusa.com\/wp-content\/uploads\/2022\/06\/CAZADORA-ALDO-HOMBRE-01.jpg\" alt=\"\" width=\"792\" height=\"612\" srcset=\"https:\/\/lapanaderiarusa.com\/wp-content\/uploads\/2022\/06\/CAZADORA-ALDO-HOMBRE-01.jpg 792w, https:\/\/lapanaderiarusa.com\/wp-content\/uploads\/2022\/06\/CAZADORA-ALDO-HOMBRE-01-300x232.jpg 300w, https:\/\/lapanaderiarusa.com\/wp-content\/uploads\/2022\/06\/CAZADORA-ALDO-HOMBRE-01-768x593.jpg 768w, https:\/\/lapanaderiarusa.com\/wp-content\/uploads\/2022\/06\/CAZADORA-ALDO-HOMBRE-01-500x386.jpg 500w, https:\/\/lapanaderiarusa.com\/wp-content\/uploads\/2022\/06\/CAZADORA-ALDO-HOMBRE-01-150x116.jpg 150w, https:\/\/lapanaderiarusa.com\/wp-content\/uploads\/2022\/06\/CAZADORA-ALDO-HOMBRE-01-64x49.jpg 64w\" sizes=\"auto, (max-width: 792px) 100vw, 792px\" \/><\/p>\n","protected":false},"excerpt":{"rendered":"<p><strong>Descripci\u00f3n:<\/strong><\/p>\n<p>Se rumoreaba que Adam Sandler era la parte clave de The Bear Jew, el papel fue para el director Eli Roth (Hostal). El personaje se vuelve famoso entre los nazis en la pel\u00edcula por su h\u00e1bito de matar a golpes a los soldados alemanes con su bate de b\u00e9isbol, y en el final, Donny incluso puede reescribir la historia disparando personalmente contra Hitler.<\/p>\n<p>&nbsp;<\/p>\n<p><strong>Caracter\u00edsticas:<\/strong><\/p>\n<ul>\n<li>No incluye arn\u00e9s<\/li>\n<li>Corte militar<\/li>\n<li>Prenda conmemorativa a la cl\u00e1sica obra de Quentin Tarantino, Bastardos sin gloria<\/li>\n<\/ul>\n<p>&nbsp;<\/p>\n<p><strong>Estatura del modelo: <\/strong>1.90 m<br \/>\n<strong>Talla de la prenda en la sesi\u00f3n fotogr\u00e1fica:<\/strong> M<\/p>\n<p>&nbsp;<\/p>\n<p><strong>M\u00e9todos de pago:<\/strong><\/p>\n<p><img loading=\"lazy\" decoding=\"async\" class=\"alignnone size-full wp-image-21519\" src=\"https:\/\/lapanaderiarusa.com\/wp-content\/uploads\/2019\/07\/medios-de-pago-300x80-1.jpg\" alt=\"\" width=\"300\" height=\"80\" srcset=\"https:\/\/lapanaderiarusa.com\/wp-content\/uploads\/2019\/07\/medios-de-pago-300x80-1.jpg 300w, https:\/\/lapanaderiarusa.com\/wp-content\/uploads\/2019\/07\/medios-de-pago-300x80-1-64x17.jpg 64w\" sizes=\"auto, (max-width: 300px) 100vw, 300px\" \/><\/p>\n","protected":false},"featured_media":33245,"comment_status":"open","ping_status":"closed","template":"","meta":[],"product_brand":[],"product_cat":[194,152],"product_tag":[],"class_list":{"0":"post-28654","1":"product","2":"type-product","3":"status-publish","4":"has-post-thumbnail","6":"product_cat-bastardos-sin-gloria-en","7":"product_cat-lpr-hombre-en","8":"tm-has-options","10":"first","11":"outofstock","12":"taxable","13":"shipping-taxable","14":"purchasable","15":"product-type-variable","16":"has-default-attributes"},"yoast_head":"<!-- This site is optimized with the Yoast SEO plugin v27.3 - https:\/\/yoast.com\/product\/yoast-seo-wordpress\/ -->\n<title>Cazadora Aldo Comando | La panaderia rusa<\/title>\n<meta name=\"robots\" content=\"index, follow, max-snippet:-1, max-image-preview:large, max-video-preview:-1\" \/>\n<link rel=\"canonical\" href=\"https:\/\/lapanaderiarusa.com\/en\/producto\/sample-product\/cazadora-aldo-comando-2\/\" \/>\n<meta property=\"og:locale\" content=\"en_US\" \/>\n<meta property=\"og:type\" content=\"article\" \/>\n<meta property=\"og:title\" content=\"Cazadora Aldo Comando | La panaderia rusa\" \/>\n<meta property=\"og:description\" content=\"Descripci\u00f3n: Se rumoreaba que Adam Sandler era la parte clave de The Bear Jew, el papel fue para el director Eli Roth (Hostal). El personaje se vuelve famoso entre los nazis en la pel\u00edcula por su h\u00e1bito de matar a golpes a los soldados alemanes con su bate de b\u00e9isbol, y en el final, Donny incluso puede reescribir la historia disparando personalmente contra Hitler. &nbsp; Caracter\u00edsticas:  No incluye arn\u00e9s Corte militar Prenda conmemorativa a la cl\u00e1sica obra de Quentin Tarantino, Bastardos sin gloria  &nbsp; Estatura del modelo: 1.90 m Talla de la prenda en la sesi\u00f3n fotogr\u00e1fica: M &nbsp; M\u00e9todos de pago:\" \/>\n<meta property=\"og:url\" content=\"https:\/\/lapanaderiarusa.com\/en\/producto\/sample-product\/cazadora-aldo-comando-2\/\" \/>\n<meta property=\"og:site_name\" content=\"La panaderia rusa\" \/>\n<meta property=\"article:modified_time\" content=\"2022-08-29T19:24:36+00:00\" \/>\n<meta property=\"og:image\" content=\"https:\/\/lapanaderiarusa.com\/wp-content\/uploads\/2022\/08\/Cazadora-Aldo-Negro-8.jpg\" \/>\n\t<meta property=\"og:image:width\" content=\"1080\" \/>\n\t<meta property=\"og:image:height\" content=\"1617\" \/>\n\t<meta property=\"og:image:type\" content=\"image\/jpeg\" \/>\n<meta name=\"twitter:card\" content=\"summary_large_image\" \/>\n<script type=\"application\/ld+json\" class=\"yoast-schema-graph\">{\"@context\":\"https:\\\/\\\/schema.org\",\"@graph\":[{\"@type\":\"WebPage\",\"@id\":\"https:\\\/\\\/lapanaderiarusa.com\\\/en\\\/producto\\\/sample-product\\\/cazadora-aldo-comando-2\\\/\",\"url\":\"https:\\\/\\\/lapanaderiarusa.com\\\/en\\\/producto\\\/sample-product\\\/cazadora-aldo-comando-2\\\/\",\"name\":\"Cazadora Aldo Comando | La panaderia rusa\",\"isPartOf\":{\"@id\":\"https:\\\/\\\/lapanaderiarusa.com\\\/en\\\/#website\"},\"primaryImageOfPage\":{\"@id\":\"https:\\\/\\\/lapanaderiarusa.com\\\/en\\\/producto\\\/sample-product\\\/cazadora-aldo-comando-2\\\/#primaryimage\"},\"image\":{\"@id\":\"https:\\\/\\\/lapanaderiarusa.com\\\/en\\\/producto\\\/sample-product\\\/cazadora-aldo-comando-2\\\/#primaryimage\"},\"thumbnailUrl\":\"https:\\\/\\\/lapanaderiarusa.com\\\/wp-content\\\/uploads\\\/2022\\\/08\\\/Cazadora-Aldo-Negro-2-1.jpg\",\"datePublished\":\"2022-08-29T19:18:37+00:00\",\"dateModified\":\"2022-08-29T19:24:36+00:00\",\"breadcrumb\":{\"@id\":\"https:\\\/\\\/lapanaderiarusa.com\\\/en\\\/producto\\\/sample-product\\\/cazadora-aldo-comando-2\\\/#breadcrumb\"},\"inLanguage\":\"en-US\",\"potentialAction\":[{\"@type\":\"ReadAction\",\"target\":[\"https:\\\/\\\/lapanaderiarusa.com\\\/en\\\/producto\\\/sample-product\\\/cazadora-aldo-comando-2\\\/\"]}]},{\"@type\":\"ImageObject\",\"inLanguage\":\"en-US\",\"@id\":\"https:\\\/\\\/lapanaderiarusa.com\\\/en\\\/producto\\\/sample-product\\\/cazadora-aldo-comando-2\\\/#primaryimage\",\"url\":\"https:\\\/\\\/lapanaderiarusa.com\\\/wp-content\\\/uploads\\\/2022\\\/08\\\/Cazadora-Aldo-Negro-2-1.jpg\",\"contentUrl\":\"https:\\\/\\\/lapanaderiarusa.com\\\/wp-content\\\/uploads\\\/2022\\\/08\\\/Cazadora-Aldo-Negro-2-1.jpg\",\"width\":1249,\"height\":2048},{\"@type\":\"BreadcrumbList\",\"@id\":\"https:\\\/\\\/lapanaderiarusa.com\\\/en\\\/producto\\\/sample-product\\\/cazadora-aldo-comando-2\\\/#breadcrumb\",\"itemListElement\":[{\"@type\":\"ListItem\",\"position\":1,\"name\":\"Portada\",\"item\":\"https:\\\/\\\/lapanaderiarusa.com\\\/en\\\/\"},{\"@type\":\"ListItem\",\"position\":2,\"name\":\"Shop\",\"item\":\"https:\\\/\\\/lapanaderiarusa.com\\\/en\\\/shop-2\\\/\"},{\"@type\":\"ListItem\",\"position\":3,\"name\":\"Cazadora Aldo Comando\"}]},{\"@type\":\"WebSite\",\"@id\":\"https:\\\/\\\/lapanaderiarusa.com\\\/en\\\/#website\",\"url\":\"https:\\\/\\\/lapanaderiarusa.com\\\/en\\\/\",\"name\":\"La Panader\u00eda Rusa\",\"description\":\"Marca de moda independiente inspirada en la Segunda Guerra Mundial\",\"publisher\":{\"@id\":\"https:\\\/\\\/lapanaderiarusa.com\\\/en\\\/#organization\"},\"alternateName\":\"LPR\",\"potentialAction\":[{\"@type\":\"SearchAction\",\"target\":{\"@type\":\"EntryPoint\",\"urlTemplate\":\"https:\\\/\\\/lapanaderiarusa.com\\\/en\\\/?s={search_term_string}\"},\"query-input\":{\"@type\":\"PropertyValueSpecification\",\"valueRequired\":true,\"valueName\":\"search_term_string\"}}],\"inLanguage\":\"en-US\"},{\"@type\":\"Organization\",\"@id\":\"https:\\\/\\\/lapanaderiarusa.com\\\/en\\\/#organization\",\"name\":\"La Panader\u00eda Rusa\",\"alternateName\":\"LPR\",\"url\":\"https:\\\/\\\/lapanaderiarusa.com\\\/en\\\/\",\"logo\":{\"@type\":\"ImageObject\",\"inLanguage\":\"en-US\",\"@id\":\"https:\\\/\\\/lapanaderiarusa.com\\\/en\\\/#\\\/schema\\\/logo\\\/image\\\/\",\"url\":\"https:\\\/\\\/lapanaderiarusa.com\\\/wp-content\\\/uploads\\\/2018\\\/12\\\/cropped-cropped-Logo-La-Panaderia-Rusa-Red.png\",\"contentUrl\":\"https:\\\/\\\/lapanaderiarusa.com\\\/wp-content\\\/uploads\\\/2018\\\/12\\\/cropped-cropped-Logo-La-Panaderia-Rusa-Red.png\",\"width\":80,\"height\":80,\"caption\":\"La Panader\u00eda Rusa\"},\"image\":{\"@id\":\"https:\\\/\\\/lapanaderiarusa.com\\\/en\\\/#\\\/schema\\\/logo\\\/image\\\/\"},\"sameAs\":[\"https:\\\/\\\/www.instagram.com\\\/lapanaderiarusa\"]}]}<\/script>\n<!-- \/ Yoast SEO plugin. -->","yoast_head_json":{"title":"Cazadora Aldo Comando | La panaderia rusa","robots":{"index":"index","follow":"follow","max-snippet":"max-snippet:-1","max-image-preview":"max-image-preview:large","max-video-preview":"max-video-preview:-1"},"canonical":"https:\/\/lapanaderiarusa.com\/en\/producto\/sample-product\/cazadora-aldo-comando-2\/","og_locale":"en_US","og_type":"article","og_title":"Cazadora Aldo Comando | La panaderia rusa","og_description":"Descripci\u00f3n: Se rumoreaba que Adam Sandler era la parte clave de The Bear Jew, el papel fue para el director Eli Roth (Hostal). El personaje se vuelve famoso entre los nazis en la pel\u00edcula por su h\u00e1bito de matar a golpes a los soldados alemanes con su bate de b\u00e9isbol, y en el final, Donny incluso puede reescribir la historia disparando personalmente contra Hitler. &nbsp; Caracter\u00edsticas:  No incluye arn\u00e9s Corte militar Prenda conmemorativa a la cl\u00e1sica obra de Quentin Tarantino, Bastardos sin gloria  &nbsp; Estatura del modelo: 1.90 m Talla de la prenda en la sesi\u00f3n fotogr\u00e1fica: M &nbsp; M\u00e9todos de pago:","og_url":"https:\/\/lapanaderiarusa.com\/en\/producto\/sample-product\/cazadora-aldo-comando-2\/","og_site_name":"La panaderia rusa","article_modified_time":"2022-08-29T19:24:36+00:00","og_image":[{"width":1080,"height":1617,"url":"https:\/\/lapanaderiarusa.com\/wp-content\/uploads\/2022\/08\/Cazadora-Aldo-Negro-8.jpg","type":"image\/jpeg"}],"twitter_card":"summary_large_image","schema":{"@context":"https:\/\/schema.org","@graph":[{"@type":"WebPage","@id":"https:\/\/lapanaderiarusa.com\/en\/producto\/sample-product\/cazadora-aldo-comando-2\/","url":"https:\/\/lapanaderiarusa.com\/en\/producto\/sample-product\/cazadora-aldo-comando-2\/","name":"Cazadora Aldo Comando | La panaderia rusa","isPartOf":{"@id":"https:\/\/lapanaderiarusa.com\/en\/#website"},"primaryImageOfPage":{"@id":"https:\/\/lapanaderiarusa.com\/en\/producto\/sample-product\/cazadora-aldo-comando-2\/#primaryimage"},"image":{"@id":"https:\/\/lapanaderiarusa.com\/en\/producto\/sample-product\/cazadora-aldo-comando-2\/#primaryimage"},"thumbnailUrl":"https:\/\/lapanaderiarusa.com\/wp-content\/uploads\/2022\/08\/Cazadora-Aldo-Negro-2-1.jpg","datePublished":"2022-08-29T19:18:37+00:00","dateModified":"2022-08-29T19:24:36+00:00","breadcrumb":{"@id":"https:\/\/lapanaderiarusa.com\/en\/producto\/sample-product\/cazadora-aldo-comando-2\/#breadcrumb"},"inLanguage":"en-US","potentialAction":[{"@type":"ReadAction","target":["https:\/\/lapanaderiarusa.com\/en\/producto\/sample-product\/cazadora-aldo-comando-2\/"]}]},{"@type":"ImageObject","inLanguage":"en-US","@id":"https:\/\/lapanaderiarusa.com\/en\/producto\/sample-product\/cazadora-aldo-comando-2\/#primaryimage","url":"https:\/\/lapanaderiarusa.com\/wp-content\/uploads\/2022\/08\/Cazadora-Aldo-Negro-2-1.jpg","contentUrl":"https:\/\/lapanaderiarusa.com\/wp-content\/uploads\/2022\/08\/Cazadora-Aldo-Negro-2-1.jpg","width":1249,"height":2048},{"@type":"BreadcrumbList","@id":"https:\/\/lapanaderiarusa.com\/en\/producto\/sample-product\/cazadora-aldo-comando-2\/#breadcrumb","itemListElement":[{"@type":"ListItem","position":1,"name":"Portada","item":"https:\/\/lapanaderiarusa.com\/en\/"},{"@type":"ListItem","position":2,"name":"Shop","item":"https:\/\/lapanaderiarusa.com\/en\/shop-2\/"},{"@type":"ListItem","position":3,"name":"Cazadora Aldo Comando"}]},{"@type":"WebSite","@id":"https:\/\/lapanaderiarusa.com\/en\/#website","url":"https:\/\/lapanaderiarusa.com\/en\/","name":"La Panader\u00eda Rusa","description":"Marca de moda independiente inspirada en la Segunda Guerra Mundial","publisher":{"@id":"https:\/\/lapanaderiarusa.com\/en\/#organization"},"alternateName":"LPR","potentialAction":[{"@type":"SearchAction","target":{"@type":"EntryPoint","urlTemplate":"https:\/\/lapanaderiarusa.com\/en\/?s={search_term_string}"},"query-input":{"@type":"PropertyValueSpecification","valueRequired":true,"valueName":"search_term_string"}}],"inLanguage":"en-US"},{"@type":"Organization","@id":"https:\/\/lapanaderiarusa.com\/en\/#organization","name":"La Panader\u00eda Rusa","alternateName":"LPR","url":"https:\/\/lapanaderiarusa.com\/en\/","logo":{"@type":"ImageObject","inLanguage":"en-US","@id":"https:\/\/lapanaderiarusa.com\/en\/#\/schema\/logo\/image\/","url":"https:\/\/lapanaderiarusa.com\/wp-content\/uploads\/2018\/12\/cropped-cropped-Logo-La-Panaderia-Rusa-Red.png","contentUrl":"https:\/\/lapanaderiarusa.com\/wp-content\/uploads\/2018\/12\/cropped-cropped-Logo-La-Panaderia-Rusa-Red.png","width":80,"height":80,"caption":"La Panader\u00eda Rusa"},"image":{"@id":"https:\/\/lapanaderiarusa.com\/en\/#\/schema\/logo\/image\/"},"sameAs":["https:\/\/www.instagram.com\/lapanaderiarusa"]}]}},"_links":{"self":[{"href":"https:\/\/lapanaderiarusa.com\/en\/wp-json\/wp\/v2\/product\/28654","targetHints":{"allow":["GET"]}}],"collection":[{"href":"https:\/\/lapanaderiarusa.com\/en\/wp-json\/wp\/v2\/product"}],"about":[{"href":"https:\/\/lapanaderiarusa.com\/en\/wp-json\/wp\/v2\/types\/product"}],"replies":[{"embeddable":true,"href":"https:\/\/lapanaderiarusa.com\/en\/wp-json\/wp\/v2\/comments?post=28654"}],"wp:featuredmedia":[{"embeddable":true,"href":"https:\/\/lapanaderiarusa.com\/en\/wp-json\/wp\/v2\/media\/33245"}],"wp:attachment":[{"href":"https:\/\/lapanaderiarusa.com\/en\/wp-json\/wp\/v2\/media?parent=28654"}],"wp:term":[{"taxonomy":"product_brand","embeddable":true,"href":"https:\/\/lapanaderiarusa.com\/en\/wp-json\/wp\/v2\/product_brand?post=28654"},{"taxonomy":"product_cat","embeddable":true,"href":"https:\/\/lapanaderiarusa.com\/en\/wp-json\/wp\/v2\/product_cat?post=28654"},{"taxonomy":"product_tag","embeddable":true,"href":"https:\/\/lapanaderiarusa.com\/en\/wp-json\/wp\/v2\/product_tag?post=28654"}],"curies":[{"name":"wp","href":"https:\/\/api.w.org\/{rel}","templated":true}]}}