{"id":26460,"date":"2022-04-08T13:58:22","date_gmt":"2022-04-08T18:58:22","guid":{"rendered":"https:\/\/lapanaderiarusa.com\/?post_type=product&#038;p=26460"},"modified":"2025-09-04T12:07:51","modified_gmt":"2025-09-04T17:07:51","slug":"cazadora-zoya-noche","status":"publish","type":"product","link":"https:\/\/lapanaderiarusa.com\/en\/producto\/sample-product\/cazadora-zoya-noche\/","title":{"rendered":"Cazadora Zoya Noche"},"content":{"rendered":"<p><img loading=\"lazy\" decoding=\"async\" class=\"alignnone size-full wp-image-26252\" src=\"https:\/\/lapanaderiarusa.com\/wp-content\/uploads\/2022\/03\/ABRIGO-ZOYA-02.jpg\" alt=\"\" width=\"792\" height=\"612\" srcset=\"https:\/\/lapanaderiarusa.com\/wp-content\/uploads\/2022\/03\/ABRIGO-ZOYA-02.jpg 792w, https:\/\/lapanaderiarusa.com\/wp-content\/uploads\/2022\/03\/ABRIGO-ZOYA-02-300x232.jpg 300w, https:\/\/lapanaderiarusa.com\/wp-content\/uploads\/2022\/03\/ABRIGO-ZOYA-02-768x593.jpg 768w, https:\/\/lapanaderiarusa.com\/wp-content\/uploads\/2022\/03\/ABRIGO-ZOYA-02-500x386.jpg 500w, https:\/\/lapanaderiarusa.com\/wp-content\/uploads\/2022\/03\/ABRIGO-ZOYA-02-150x116.jpg 150w, https:\/\/lapanaderiarusa.com\/wp-content\/uploads\/2022\/03\/ABRIGO-ZOYA-02-64x49.jpg 64w\" sizes=\"auto, (max-width: 792px) 100vw, 792px\" \/><\/p>\n","protected":false},"excerpt":{"rendered":"<p><strong>Prenda disponible para entrega inmediata en nuestro show room cdmx. Otras ciudades dentro del territorio mexicano recibe en solo 3 d\u00edas h\u00e1biles.<\/strong><\/p>\n<p><strong>Consulta disponibilidad exacta de tallas aqu\u00ed \ud83d\udc47\ud83d\udc47\ud83d\udc47<\/strong><\/p>\n<p>[vc_row][vc_column][vc_btn title=&#8221;Consultar disponibilidad&#8221; style=&#8221;flat&#8221; shape=&#8221;square&#8221; color=&#8221;black&#8221; i_icon_fontawesome=&#8221;fa fa-whatsapp&#8221; add_icon=&#8221;true&#8221; link=&#8221;url:https%3A%2F%2Fweb.whatsapp.com%2Fsend%3Fphone%3D5215547934962%26text%3DHola.%2520Estoy%2520interesado%2520en&#8230;|title:Consultar%20disponibilidad|target:%20_blank|&#8221;][\/vc_column][\/vc_row]<\/p>\n<p>&nbsp;<\/p>\n<p><strong>Descripci\u00f3n:<\/strong><\/p>\n<p>Zoya Kosmodemi\u00e1nskaia fue la primera mujer condecorada como H\u00e9roe de la Uni\u00f3n Sovi\u00e9tica durante la Segunda Guerra Mundial. Zoya Kosmodemi\u00e1nskaia realiz\u00f3 labores de sabotaje en la retaguardia alemana. Fue capturada, torturada y ahorcada el 21 de noviembre, con tan solo 18 a\u00f1os. En la URSS Zoya se convirti\u00f3 en uno de los s\u00edmbolos m\u00e1s populares de la resistencia a los nazis.<\/p>\n<p>&nbsp;<\/p>\n<p><strong><span style=\"vertical-align: inherit;\">Caracter\u00edsticas:<\/span><\/strong><\/p>\n<ul>\n<li>Color: Negro<\/li>\n<li>1 bolsillo interno de seguridad, 2 bolsillos externos<\/li>\n<li>Material: Dril, 100% algod\u00f3n; Cuerina textil (tela polivin\u00edlica ), 93% poli\u00e9ster, 7% Spandex; Brioni, 100% poli\u00e9ster.<\/li>\n<li>Dise\u00f1o Propio<\/li>\n<li>Prenda inspirada en la Segunda Guerra Mundial<\/li>\n<\/ul>\n<p><span style=\"font-weight: 400;\">(trabajamos todos los d\u00edas por migrar nuestros productos hechos en piel a productos hechos con materiales de NO origen animal)\u00a0 @fundacion_lapanaderiarusa<\/span><\/p>\n<p>https:\/\/www.youtube.com\/shorts\/rmnzmTkn0Tg<\/p>\n<p><strong>Recomendaciones de cuidado:<\/strong><\/p>\n<ul>\n<li>No planchar<\/li>\n<li>Lavar en seco<\/li>\n<li>Lavar en lavander\u00eda<\/li>\n<\/ul>\n<p>&nbsp;<\/p>\n<p><strong>M\u00e9todos de pago:<\/strong><\/p>\n<p><img loading=\"lazy\" decoding=\"async\" class=\"alignnone size-full wp-image-21519\" src=\"https:\/\/lapanaderiarusa.com\/wp-content\/uploads\/2019\/07\/medios-de-pago-300x80-1.jpg\" alt=\"\" width=\"300\" height=\"80\" srcset=\"https:\/\/lapanaderiarusa.com\/wp-content\/uploads\/2019\/07\/medios-de-pago-300x80-1.jpg 300w, https:\/\/lapanaderiarusa.com\/wp-content\/uploads\/2019\/07\/medios-de-pago-300x80-1-64x17.jpg 64w\" sizes=\"auto, (max-width: 300px) 100vw, 300px\" \/><\/p>\n","protected":false},"featured_media":26444,"comment_status":"open","ping_status":"closed","template":"","meta":[],"product_brand":[],"product_cat":[68],"product_tag":[],"class_list":{"0":"post-26460","1":"product","2":"type-product","3":"status-publish","4":"has-post-thumbnail","6":"product_cat-lpr-mujer","7":"tm-has-options","9":"first","10":"outofstock","11":"taxable","12":"shipping-taxable","13":"purchasable","14":"product-type-variable","15":"has-default-attributes"},"yoast_head":"<!-- This site is optimized with the Yoast SEO plugin v27.2 - https:\/\/yoast.com\/product\/yoast-seo-wordpress\/ -->\n<title>Cazadora Zoya Noche | La panaderia rusa<\/title>\n<meta name=\"robots\" content=\"index, follow, max-snippet:-1, max-image-preview:large, max-video-preview:-1\" \/>\n<link rel=\"canonical\" href=\"https:\/\/lapanaderiarusa.com\/en\/producto\/sample-product\/cazadora-zoya-noche\/\" \/>\n<meta property=\"og:locale\" content=\"en_US\" \/>\n<meta property=\"og:type\" content=\"article\" \/>\n<meta property=\"og:title\" content=\"Cazadora Zoya Noche | La panaderia rusa\" \/>\n<meta property=\"og:description\" content=\"Prenda disponible para entrega inmediata en nuestro show room cdmx. Otras ciudades dentro del territorio mexicano recibe en solo 3 d\u00edas h\u00e1biles.  Consulta disponibilidad exacta de tallas aqu\u00ed \ud83d\udc47\ud83d\udc47\ud83d\udc47  [vc_row][vc_column][vc_btn title=&quot;Consultar disponibilidad&quot; style=&quot;flat&quot; shape=&quot;square&quot; color=&quot;black&quot; i_icon_fontawesome=&quot;fa fa-whatsapp&quot; add_icon=&quot;true&quot; link=&quot;url:https%3A%2F%2Fweb.whatsapp.com%2Fsend%3Fphone%3D5215547934962%26text%3DHola.%2520Estoy%2520interesado%2520en...|title:Consultar%20disponibilidad|target:%20_blank|&quot;][\/vc_column][\/vc_row]  &nbsp;  Descripci\u00f3n:  Zoya Kosmodemi\u00e1nskaia fue la primera mujer condecorada como H\u00e9roe de la Uni\u00f3n Sovi\u00e9tica durante la Segunda Guerra Mundial. Zoya Kosmodemi\u00e1nskaia realiz\u00f3 labores de sabotaje en la retaguardia alemana. Fue capturada, torturada y ahorcada el 21 de noviembre, con tan solo 18 a\u00f1os. En la URSS Zoya se convirti\u00f3 en uno de los s\u00edmbolos m\u00e1s populares de la resistencia a los nazis.  &nbsp;  Caracter\u00edsticas:   Color: Negro  1 bolsillo interno de seguridad, 2 bolsillos externos  Material: Dril, 100% algod\u00f3n; Cuerina textil (tela polivin\u00edlica ), 93% poli\u00e9ster, 7% Spandex; Brioni, 100% poli\u00e9ster.  Dise\u00f1o Propio  Prenda inspirada en la Segunda Guerra Mundial  (trabajamos todos los d\u00edas por migrar nuestros productos hechos en piel a productos hechos con materiales de NO origen animal)\u00a0 @fundacion_lapanaderiarusa  https:\/\/www.youtube.com\/shorts\/rmnzmTkn0Tg  Recomendaciones de cuidado:   No planchar  Lavar en seco  Lavar en lavander\u00eda  &nbsp;  M\u00e9todos de pago:\" \/>\n<meta property=\"og:url\" content=\"https:\/\/lapanaderiarusa.com\/en\/producto\/sample-product\/cazadora-zoya-noche\/\" \/>\n<meta property=\"og:site_name\" content=\"La panaderia rusa\" \/>\n<meta property=\"article:modified_time\" content=\"2025-09-04T17:07:51+00:00\" \/>\n<meta property=\"og:image\" content=\"https:\/\/lapanaderiarusa.com\/wp-content\/uploads\/2022\/04\/Abrigo-Zoya-Noche-1.jpg\" \/>\n\t<meta property=\"og:image:width\" content=\"790\" \/>\n\t<meta property=\"og:image:height\" content=\"1200\" \/>\n\t<meta property=\"og:image:type\" content=\"image\/jpeg\" \/>\n<meta name=\"twitter:card\" content=\"summary_large_image\" \/>\n<meta name=\"twitter:label1\" content=\"Est. reading time\" \/>\n\t<meta name=\"twitter:data1\" content=\"1 minute\" \/>\n<script type=\"application\/ld+json\" class=\"yoast-schema-graph\">{\"@context\":\"https:\/\/schema.org\",\"@graph\":[{\"@type\":\"WebPage\",\"@id\":\"https:\/\/lapanaderiarusa.com\/en\/producto\/sample-product\/cazadora-zoya-noche\/\",\"url\":\"https:\/\/lapanaderiarusa.com\/en\/producto\/sample-product\/cazadora-zoya-noche\/\",\"name\":\"Cazadora Zoya Noche | La panaderia rusa\",\"isPartOf\":{\"@id\":\"https:\/\/lapanaderiarusa.com\/en\/#website\"},\"primaryImageOfPage\":{\"@id\":\"https:\/\/lapanaderiarusa.com\/en\/producto\/sample-product\/cazadora-zoya-noche\/#primaryimage\"},\"image\":{\"@id\":\"https:\/\/lapanaderiarusa.com\/en\/producto\/sample-product\/cazadora-zoya-noche\/#primaryimage\"},\"thumbnailUrl\":\"https:\/\/lapanaderiarusa.com\/wp-content\/uploads\/2022\/04\/Abrigo-Zoya-Noche-1.jpg\",\"datePublished\":\"2022-04-08T18:58:22+00:00\",\"dateModified\":\"2025-09-04T17:07:51+00:00\",\"breadcrumb\":{\"@id\":\"https:\/\/lapanaderiarusa.com\/en\/producto\/sample-product\/cazadora-zoya-noche\/#breadcrumb\"},\"inLanguage\":\"en-US\",\"potentialAction\":[{\"@type\":\"ReadAction\",\"target\":[\"https:\/\/lapanaderiarusa.com\/en\/producto\/sample-product\/cazadora-zoya-noche\/\"]}]},{\"@type\":\"ImageObject\",\"inLanguage\":\"en-US\",\"@id\":\"https:\/\/lapanaderiarusa.com\/en\/producto\/sample-product\/cazadora-zoya-noche\/#primaryimage\",\"url\":\"https:\/\/lapanaderiarusa.com\/wp-content\/uploads\/2022\/04\/Abrigo-Zoya-Noche-1.jpg\",\"contentUrl\":\"https:\/\/lapanaderiarusa.com\/wp-content\/uploads\/2022\/04\/Abrigo-Zoya-Noche-1.jpg\",\"width\":790,\"height\":1200},{\"@type\":\"BreadcrumbList\",\"@id\":\"https:\/\/lapanaderiarusa.com\/en\/producto\/sample-product\/cazadora-zoya-noche\/#breadcrumb\",\"itemListElement\":[{\"@type\":\"ListItem\",\"position\":1,\"name\":\"Portada\",\"item\":\"https:\/\/lapanaderiarusa.com\/en\/\"},{\"@type\":\"ListItem\",\"position\":2,\"name\":\"Shop\",\"item\":\"https:\/\/lapanaderiarusa.com\/en\/shop-2\/\"},{\"@type\":\"ListItem\",\"position\":3,\"name\":\"Cazadora Zoya Noche\"}]},{\"@type\":\"WebSite\",\"@id\":\"https:\/\/lapanaderiarusa.com\/en\/#website\",\"url\":\"https:\/\/lapanaderiarusa.com\/en\/\",\"name\":\"La Panader\u00eda Rusa\",\"description\":\"Marca de moda independiente inspirada en la Segunda Guerra Mundial\",\"publisher\":{\"@id\":\"https:\/\/lapanaderiarusa.com\/en\/#organization\"},\"alternateName\":\"LPR\",\"potentialAction\":[{\"@type\":\"SearchAction\",\"target\":{\"@type\":\"EntryPoint\",\"urlTemplate\":\"https:\/\/lapanaderiarusa.com\/en\/?s={search_term_string}\"},\"query-input\":{\"@type\":\"PropertyValueSpecification\",\"valueRequired\":true,\"valueName\":\"search_term_string\"}}],\"inLanguage\":\"en-US\"},{\"@type\":\"Organization\",\"@id\":\"https:\/\/lapanaderiarusa.com\/en\/#organization\",\"name\":\"La Panader\u00eda Rusa\",\"alternateName\":\"LPR\",\"url\":\"https:\/\/lapanaderiarusa.com\/en\/\",\"logo\":{\"@type\":\"ImageObject\",\"inLanguage\":\"en-US\",\"@id\":\"https:\/\/lapanaderiarusa.com\/en\/#\/schema\/logo\/image\/\",\"url\":\"https:\/\/lapanaderiarusa.com\/wp-content\/uploads\/2018\/12\/cropped-cropped-Logo-La-Panaderia-Rusa-Red.png\",\"contentUrl\":\"https:\/\/lapanaderiarusa.com\/wp-content\/uploads\/2018\/12\/cropped-cropped-Logo-La-Panaderia-Rusa-Red.png\",\"width\":80,\"height\":80,\"caption\":\"La Panader\u00eda Rusa\"},\"image\":{\"@id\":\"https:\/\/lapanaderiarusa.com\/en\/#\/schema\/logo\/image\/\"},\"sameAs\":[\"https:\/\/www.instagram.com\/lapanaderiarusa\"]}]}<\/script>\n<!-- \/ Yoast SEO plugin. -->","yoast_head_json":{"title":"Cazadora Zoya Noche | La panaderia rusa","robots":{"index":"index","follow":"follow","max-snippet":"max-snippet:-1","max-image-preview":"max-image-preview:large","max-video-preview":"max-video-preview:-1"},"canonical":"https:\/\/lapanaderiarusa.com\/en\/producto\/sample-product\/cazadora-zoya-noche\/","og_locale":"en_US","og_type":"article","og_title":"Cazadora Zoya Noche | La panaderia rusa","og_description":"Prenda disponible para entrega inmediata en nuestro show room cdmx. Otras ciudades dentro del territorio mexicano recibe en solo 3 d\u00edas h\u00e1biles.  Consulta disponibilidad exacta de tallas aqu\u00ed \ud83d\udc47\ud83d\udc47\ud83d\udc47  [vc_row][vc_column][vc_btn title=\"Consultar disponibilidad\" style=\"flat\" shape=\"square\" color=\"black\" i_icon_fontawesome=\"fa fa-whatsapp\" add_icon=\"true\" link=\"url:https%3A%2F%2Fweb.whatsapp.com%2Fsend%3Fphone%3D5215547934962%26text%3DHola.%2520Estoy%2520interesado%2520en...|title:Consultar%20disponibilidad|target:%20_blank|\"][\/vc_column][\/vc_row]  &nbsp;  Descripci\u00f3n:  Zoya Kosmodemi\u00e1nskaia fue la primera mujer condecorada como H\u00e9roe de la Uni\u00f3n Sovi\u00e9tica durante la Segunda Guerra Mundial. Zoya Kosmodemi\u00e1nskaia realiz\u00f3 labores de sabotaje en la retaguardia alemana. Fue capturada, torturada y ahorcada el 21 de noviembre, con tan solo 18 a\u00f1os. En la URSS Zoya se convirti\u00f3 en uno de los s\u00edmbolos m\u00e1s populares de la resistencia a los nazis.  &nbsp;  Caracter\u00edsticas:   Color: Negro  1 bolsillo interno de seguridad, 2 bolsillos externos  Material: Dril, 100% algod\u00f3n; Cuerina textil (tela polivin\u00edlica ), 93% poli\u00e9ster, 7% Spandex; Brioni, 100% poli\u00e9ster.  Dise\u00f1o Propio  Prenda inspirada en la Segunda Guerra Mundial  (trabajamos todos los d\u00edas por migrar nuestros productos hechos en piel a productos hechos con materiales de NO origen animal)\u00a0 @fundacion_lapanaderiarusa  https:\/\/www.youtube.com\/shorts\/rmnzmTkn0Tg  Recomendaciones de cuidado:   No planchar  Lavar en seco  Lavar en lavander\u00eda  &nbsp;  M\u00e9todos de pago:","og_url":"https:\/\/lapanaderiarusa.com\/en\/producto\/sample-product\/cazadora-zoya-noche\/","og_site_name":"La panaderia rusa","article_modified_time":"2025-09-04T17:07:51+00:00","og_image":[{"width":790,"height":1200,"url":"https:\/\/lapanaderiarusa.com\/wp-content\/uploads\/2022\/04\/Abrigo-Zoya-Noche-1.jpg","type":"image\/jpeg"}],"twitter_card":"summary_large_image","twitter_misc":{"Est. reading time":"1 minute"},"schema":{"@context":"https:\/\/schema.org","@graph":[{"@type":"WebPage","@id":"https:\/\/lapanaderiarusa.com\/en\/producto\/sample-product\/cazadora-zoya-noche\/","url":"https:\/\/lapanaderiarusa.com\/en\/producto\/sample-product\/cazadora-zoya-noche\/","name":"Cazadora Zoya Noche | La panaderia rusa","isPartOf":{"@id":"https:\/\/lapanaderiarusa.com\/en\/#website"},"primaryImageOfPage":{"@id":"https:\/\/lapanaderiarusa.com\/en\/producto\/sample-product\/cazadora-zoya-noche\/#primaryimage"},"image":{"@id":"https:\/\/lapanaderiarusa.com\/en\/producto\/sample-product\/cazadora-zoya-noche\/#primaryimage"},"thumbnailUrl":"https:\/\/lapanaderiarusa.com\/wp-content\/uploads\/2022\/04\/Abrigo-Zoya-Noche-1.jpg","datePublished":"2022-04-08T18:58:22+00:00","dateModified":"2025-09-04T17:07:51+00:00","breadcrumb":{"@id":"https:\/\/lapanaderiarusa.com\/en\/producto\/sample-product\/cazadora-zoya-noche\/#breadcrumb"},"inLanguage":"en-US","potentialAction":[{"@type":"ReadAction","target":["https:\/\/lapanaderiarusa.com\/en\/producto\/sample-product\/cazadora-zoya-noche\/"]}]},{"@type":"ImageObject","inLanguage":"en-US","@id":"https:\/\/lapanaderiarusa.com\/en\/producto\/sample-product\/cazadora-zoya-noche\/#primaryimage","url":"https:\/\/lapanaderiarusa.com\/wp-content\/uploads\/2022\/04\/Abrigo-Zoya-Noche-1.jpg","contentUrl":"https:\/\/lapanaderiarusa.com\/wp-content\/uploads\/2022\/04\/Abrigo-Zoya-Noche-1.jpg","width":790,"height":1200},{"@type":"BreadcrumbList","@id":"https:\/\/lapanaderiarusa.com\/en\/producto\/sample-product\/cazadora-zoya-noche\/#breadcrumb","itemListElement":[{"@type":"ListItem","position":1,"name":"Portada","item":"https:\/\/lapanaderiarusa.com\/en\/"},{"@type":"ListItem","position":2,"name":"Shop","item":"https:\/\/lapanaderiarusa.com\/en\/shop-2\/"},{"@type":"ListItem","position":3,"name":"Cazadora Zoya Noche"}]},{"@type":"WebSite","@id":"https:\/\/lapanaderiarusa.com\/en\/#website","url":"https:\/\/lapanaderiarusa.com\/en\/","name":"La Panader\u00eda Rusa","description":"Marca de moda independiente inspirada en la Segunda Guerra Mundial","publisher":{"@id":"https:\/\/lapanaderiarusa.com\/en\/#organization"},"alternateName":"LPR","potentialAction":[{"@type":"SearchAction","target":{"@type":"EntryPoint","urlTemplate":"https:\/\/lapanaderiarusa.com\/en\/?s={search_term_string}"},"query-input":{"@type":"PropertyValueSpecification","valueRequired":true,"valueName":"search_term_string"}}],"inLanguage":"en-US"},{"@type":"Organization","@id":"https:\/\/lapanaderiarusa.com\/en\/#organization","name":"La Panader\u00eda Rusa","alternateName":"LPR","url":"https:\/\/lapanaderiarusa.com\/en\/","logo":{"@type":"ImageObject","inLanguage":"en-US","@id":"https:\/\/lapanaderiarusa.com\/en\/#\/schema\/logo\/image\/","url":"https:\/\/lapanaderiarusa.com\/wp-content\/uploads\/2018\/12\/cropped-cropped-Logo-La-Panaderia-Rusa-Red.png","contentUrl":"https:\/\/lapanaderiarusa.com\/wp-content\/uploads\/2018\/12\/cropped-cropped-Logo-La-Panaderia-Rusa-Red.png","width":80,"height":80,"caption":"La Panader\u00eda Rusa"},"image":{"@id":"https:\/\/lapanaderiarusa.com\/en\/#\/schema\/logo\/image\/"},"sameAs":["https:\/\/www.instagram.com\/lapanaderiarusa"]}]}},"_links":{"self":[{"href":"https:\/\/lapanaderiarusa.com\/en\/wp-json\/wp\/v2\/product\/26460","targetHints":{"allow":["GET"]}}],"collection":[{"href":"https:\/\/lapanaderiarusa.com\/en\/wp-json\/wp\/v2\/product"}],"about":[{"href":"https:\/\/lapanaderiarusa.com\/en\/wp-json\/wp\/v2\/types\/product"}],"replies":[{"embeddable":true,"href":"https:\/\/lapanaderiarusa.com\/en\/wp-json\/wp\/v2\/comments?post=26460"}],"wp:featuredmedia":[{"embeddable":true,"href":"https:\/\/lapanaderiarusa.com\/en\/wp-json\/wp\/v2\/media\/26444"}],"wp:attachment":[{"href":"https:\/\/lapanaderiarusa.com\/en\/wp-json\/wp\/v2\/media?parent=26460"}],"wp:term":[{"taxonomy":"product_brand","embeddable":true,"href":"https:\/\/lapanaderiarusa.com\/en\/wp-json\/wp\/v2\/product_brand?post=26460"},{"taxonomy":"product_cat","embeddable":true,"href":"https:\/\/lapanaderiarusa.com\/en\/wp-json\/wp\/v2\/product_cat?post=26460"},{"taxonomy":"product_tag","embeddable":true,"href":"https:\/\/lapanaderiarusa.com\/en\/wp-json\/wp\/v2\/product_tag?post=26460"}],"curies":[{"name":"wp","href":"https:\/\/api.w.org\/{rel}","templated":true}]}}